{"id":3314,"date":"2026-02-05T10:58:50","date_gmt":"2026-02-05T10:58:50","guid":{"rendered":"https:\/\/ducultyservice.fr\/?page_id=3314"},"modified":"2026-02-25T17:52:09","modified_gmt":"2026-02-25T17:52:09","slug":"ecologie","status":"publish","type":"page","link":"https:\/\/ducultyservice.fr\/?page_id=3314","title":{"rendered":"Ecologie"},"content":{"rendered":"\t\t<div data-elementor-type=\"wp-page\" data-elementor-id=\"3314\" class=\"elementor elementor-3314\">\n\t\t\t\t<div class=\"elementor-element elementor-element-1eabda59 e-flex e-con-boxed e-con e-parent\" data-id=\"1eabda59\" data-element_type=\"container\" data-settings=\"{&quot;background_background&quot;:&quot;slideshow&quot;,&quot;background_slideshow_gallery&quot;:[{&quot;id&quot;:3379,&quot;url&quot;:&quot;https:\\\/\\\/ducultyservice.fr\\\/wp-content\\\/uploads\\\/2026\\\/02\\\/house.jpg&quot;}],&quot;background_slideshow_loop&quot;:&quot;yes&quot;,&quot;background_slideshow_slide_duration&quot;:5000,&quot;background_slideshow_slide_transition&quot;:&quot;fade&quot;,&quot;background_slideshow_transition_duration&quot;:500}\">\n\t\t\t\t\t<div class=\"e-con-inner\">\n\t\t\t\t<div class=\"elementor-element elementor-element-d9ed6db elementor-widget elementor-widget-spacer\" data-id=\"d9ed6db\" data-element_type=\"widget\" data-widget_type=\"spacer.default\">\n\t\t\t\t<div class=\"elementor-widget-container\">\n\t\t\t\t\t\t\t<div class=\"elementor-spacer\">\n\t\t\t<div class=\"elementor-spacer-inner\"><\/div>\n\t\t<\/div>\n\t\t\t\t\t\t<\/div>\n\t\t\t\t<\/div>\n\t\t\t\t<div class=\"elementor-element elementor-element-23ff01ea elementor-invisible elementor-widget elementor-widget-heading\" data-id=\"23ff01ea\" data-element_type=\"widget\" data-settings=\"{&quot;_animation&quot;:&quot;fadeIn&quot;}\" data-widget_type=\"heading.default\">\n\t\t\t\t<div class=\"elementor-widget-container\">\n\t\t\t\t\t<h1 class=\"elementor-heading-title elementor-size-default\">Nos engagement ecologique<\/h1>\t\t\t\t<\/div>\n\t\t\t\t<\/div>\n\t\t\t\t<div class=\"elementor-element elementor-element-3b94f25f elementor-invisible elementor-widget elementor-widget-heading\" data-id=\"3b94f25f\" data-element_type=\"widget\" data-settings=\"{&quot;_animation&quot;:&quot;fadeIn&quot;}\" data-widget_type=\"heading.default\">\n\t\t\t\t<div class=\"elementor-widget-container\">\n\t\t\t\t\t<h2 class=\"elementor-heading-title elementor-size-default\">\"Nous n\u2019avons pas la pr\u00e9tention d\u2019\u00eatre parfaits, mais nous faisons chaque jour des choix plus responsables.\"<\/h2>\t\t\t\t<\/div>\n\t\t\t\t<\/div>\n\t\t\t\t<div class=\"elementor-element elementor-element-46e997e1 elementor-hidden-tablet elementor-hidden-mobile elementor-widget elementor-widget-spacer\" data-id=\"46e997e1\" data-element_type=\"widget\" data-widget_type=\"spacer.default\">\n\t\t\t\t<div class=\"elementor-widget-container\">\n\t\t\t\t\t\t\t<div class=\"elementor-spacer\">\n\t\t\t<div class=\"elementor-spacer-inner\"><\/div>\n\t\t<\/div>\n\t\t\t\t\t\t<\/div>\n\t\t\t\t<\/div>\n\t\t<div class=\"elementor-element elementor-element-3a97027a e-con-full e-flex e-con e-child\" data-id=\"3a97027a\" data-element_type=\"container\">\n\t\t<div class=\"elementor-element elementor-element-3dd6ce48 animated-slow e-flex e-con-boxed elementor-invisible e-con e-child\" data-id=\"3dd6ce48\" data-element_type=\"container\" data-settings=\"{&quot;background_background&quot;:&quot;classic&quot;,&quot;animation&quot;:&quot;fadeInDown&quot;}\">\n\t\t\t\t\t<div class=\"e-con-inner\">\n\t\t\t\t<div class=\"elementor-element elementor-element-5ba4590b elementor-widget elementor-widget-heading\" data-id=\"5ba4590b\" data-element_type=\"widget\" data-widget_type=\"heading.default\">\n\t\t\t\t<div class=\"elementor-widget-container\">\n\t\t\t\t\t<h2 class=\"elementor-heading-title elementor-size-default\">R\u00e9duction de l\u2019impact environnemental au quotidien<\/h2>\t\t\t\t<\/div>\n\t\t\t\t<\/div>\n\t\t\t\t<div class=\"elementor-element elementor-element-37bcbf0 elementor-widget elementor-widget-image\" data-id=\"37bcbf0\" data-element_type=\"widget\" data-widget_type=\"image.default\">\n\t\t\t\t<div class=\"elementor-widget-container\">\n\t\t\t\t\t\t\t\t\t\t\t\t\t\t\t<img decoding=\"async\" src=\"https:\/\/ducultyservice.fr\/wp-content\/uploads\/elementor\/thumbs\/house-rj57np2xb9x2zeh0cbgofev8nvxeixk042jyeuovji.png\" title=\"house.png\" alt=\"house.png\" loading=\"lazy\" \/>\t\t\t\t\t\t\t\t\t\t\t\t\t\t\t<\/div>\n\t\t\t\t<\/div>\n\t\t\t\t<div class=\"elementor-element elementor-element-26b0b278 elementor-widget__width-initial elementor-widget-mobile__width-initial elementor-widget elementor-widget-text-editor\" data-id=\"26b0b278\" data-element_type=\"widget\" data-widget_type=\"text-editor.default\">\n\t\t\t\t<div class=\"elementor-widget-container\">\n\t\t\t\t\t\t\t\t\t<ul><li data-start=\"482\" data-end=\"545\"><p data-start=\"484\" data-end=\"545\">Utilisation d\u2019<strong data-start=\"498\" data-end=\"520\">outils \u00e9lectriques<\/strong> ou \u00e0 faible consommation<\/p><\/li><li data-start=\"546\" data-end=\"612\"><p data-start=\"548\" data-end=\"612\">Limitation des d\u00e9placements inutiles (optimisation des tourn\u00e9es)<\/p><\/li><li data-start=\"613\" data-end=\"699\"><p data-start=\"615\" data-end=\"699\">Choix de <strong data-start=\"624\" data-end=\"648\">produits \u00e9cologiques<\/strong> (peintures, nettoyants, traitements espaces verts)<\/p><\/li><li data-start=\"700\" data-end=\"763\"><p data-start=\"702\" data-end=\"763\">R\u00e9parations privil\u00e9gi\u00e9es plut\u00f4t que remplacement syst\u00e9matique<\/p><\/li><\/ul>\t\t\t\t\t\t\t\t<\/div>\n\t\t\t\t<\/div>\n\t\t\t\t\t<\/div>\n\t\t\t\t<\/div>\n\t\t<div class=\"elementor-element elementor-element-32825552 animated-slow e-flex e-con-boxed elementor-invisible e-con e-child\" data-id=\"32825552\" data-element_type=\"container\" data-settings=\"{&quot;background_background&quot;:&quot;classic&quot;,&quot;animation&quot;:&quot;fadeInDown&quot;,&quot;animation_delay&quot;:200}\">\n\t\t\t\t\t<div class=\"e-con-inner\">\n\t\t\t\t<div class=\"elementor-element elementor-element-134377fc elementor-widget elementor-widget-heading\" data-id=\"134377fc\" data-element_type=\"widget\" data-widget_type=\"heading.default\">\n\t\t\t\t<div class=\"elementor-widget-container\">\n\t\t\t\t\t<h2 class=\"elementor-heading-title elementor-size-default\">Donner une seconde vie aux objets et mat\u00e9riaux<\/h2>\t\t\t\t<\/div>\n\t\t\t\t<\/div>\n\t\t\t\t<div class=\"elementor-element elementor-element-55598f0c elementor-widget elementor-widget-image\" data-id=\"55598f0c\" data-element_type=\"widget\" data-widget_type=\"image.default\">\n\t\t\t\t<div class=\"elementor-widget-container\">\n\t\t\t\t\t\t\t\t\t\t\t\t\t\t\t<img decoding=\"async\" src=\"https:\/\/ducultyservice.fr\/wp-content\/uploads\/elementor\/thumbs\/furniture-house-living-40-svgrepo-com-ri4mpfkpymuarqixzgycxq7gwl31uj3dh1u3z8d19q.png\" title=\"furniture-house-living-40-svgrepo-com\" alt=\"furniture-house-living-40-svgrepo-com\" loading=\"lazy\" \/>\t\t\t\t\t\t\t\t\t\t\t\t\t\t\t<\/div>\n\t\t\t\t<\/div>\n\t\t\t\t<div class=\"elementor-element elementor-element-1e30fc16 elementor-widget__width-initial elementor-widget-mobile__width-initial elementor-widget elementor-widget-text-editor\" data-id=\"1e30fc16\" data-element_type=\"widget\" data-widget_type=\"text-editor.default\">\n\t\t\t\t<div class=\"elementor-widget-container\">\n\t\t\t\t\t\t\t\t\t<ul><li data-start=\"1070\" data-end=\"1124\"><p data-start=\"1072\" data-end=\"1124\">R\u00e9paration de meubles, portes, cl\u00f4tures, \u00e9quipements<\/p><\/li><li data-start=\"1125\" data-end=\"1165\"><p data-start=\"1127\" data-end=\"1165\">Tri et d\u00e9p\u00f4t en <strong data-start=\"1143\" data-end=\"1165\">d\u00e9chetterie agr\u00e9\u00e9e<\/strong><\/p><\/li><li data-start=\"1166\" data-end=\"1238\"><p data-start=\"1168\" data-end=\"1238\">Don ou recyclage des objets encore utilisables (lors de d\u00e9m\u00e9nagements)<\/p><\/li><li data-start=\"1239\" data-end=\"1288\"><p data-start=\"1241\" data-end=\"1288\">R\u00e9utilisation de mat\u00e9riaux quand c\u2019est possible<\/p><\/li><\/ul>\t\t\t\t\t\t\t\t<\/div>\n\t\t\t\t<\/div>\n\t\t\t\t\t<\/div>\n\t\t\t\t<\/div>\n\t\t<div class=\"elementor-element elementor-element-10a2e45f animated-slow e-flex e-con-boxed elementor-invisible e-con e-child\" data-id=\"10a2e45f\" data-element_type=\"container\" data-settings=\"{&quot;background_background&quot;:&quot;classic&quot;,&quot;animation&quot;:&quot;fadeInDown&quot;,&quot;animation_delay&quot;:400}\">\n\t\t\t\t\t<div class=\"e-con-inner\">\n\t\t\t\t<div class=\"elementor-element elementor-element-23983de2 elementor-widget elementor-widget-heading\" data-id=\"23983de2\" data-element_type=\"widget\" data-widget_type=\"heading.default\">\n\t\t\t\t<div class=\"elementor-widget-container\">\n\t\t\t\t\t<h2 class=\"elementor-heading-title elementor-size-default\">Respect de la nature et des espaces de vie<\/h2>\t\t\t\t<\/div>\n\t\t\t\t<\/div>\n\t\t\t\t<div class=\"elementor-element elementor-element-47947264 elementor-widget elementor-widget-image\" data-id=\"47947264\" data-element_type=\"widget\" data-widget_type=\"image.default\">\n\t\t\t\t<div class=\"elementor-widget-container\">\n\t\t\t\t\t\t\t\t\t\t\t\t\t\t\t<img decoding=\"async\" src=\"https:\/\/ducultyservice.fr\/wp-content\/uploads\/elementor\/thumbs\/leaf-svgrepo-com1-ri4jlbdqs1d1y5dqo0acj0q641oxq7zyq4j592ljfy.png\" title=\"leaf-svgrepo-com(1)\" alt=\"leaf-svgrepo-com(1)\" loading=\"lazy\" \/>\t\t\t\t\t\t\t\t\t\t\t\t\t\t\t<\/div>\n\t\t\t\t<\/div>\n\t\t\t\t<div class=\"elementor-element elementor-element-50d00255 elementor-widget__width-initial elementor-widget-mobile__width-initial elementor-widget elementor-widget-text-editor\" data-id=\"50d00255\" data-element_type=\"widget\" data-widget_type=\"text-editor.default\">\n\t\t\t\t<div class=\"elementor-widget-container\">\n\t\t\t\t\t\t\t\t\t<ul><li data-start=\"1556\" data-end=\"1615\"><p data-start=\"1558\" data-end=\"1615\">Entretien des espaces verts <strong data-start=\"1586\" data-end=\"1615\">sans pesticides chimiques<\/strong><\/p><\/li><li data-start=\"1616\" data-end=\"1670\"><p data-start=\"1618\" data-end=\"1670\">Taille raisonn\u00e9e (respect des saisons, biodiversit\u00e9)<\/p><\/li><li data-start=\"1671\" data-end=\"1721\"><p data-start=\"1673\" data-end=\"1721\">Conseils aux clients pour un jardin plus naturel<\/p><\/li><li data-start=\"1722\" data-end=\"1775\"><p data-start=\"1724\" data-end=\"1775\">Pr\u00e9servation des sols et des plantations existantes<\/p><\/li><\/ul>\t\t\t\t\t\t\t\t<\/div>\n\t\t\t\t<\/div>\n\t\t\t\t\t<\/div>\n\t\t\t\t<\/div>\n\t\t\t\t<\/div>\n\t\t\t\t\t<\/div>\n\t\t\t\t<\/div>\n\t\t<div class=\"elementor-element elementor-element-64378c69 e-flex e-con-boxed e-con e-parent\" data-id=\"64378c69\" data-element_type=\"container\">\n\t\t\t\t\t<div class=\"e-con-inner\">\n\t\t\t\t\t<\/div>\n\t\t\t\t<\/div>\n\t\t\t\t<\/div>\n\t\t","protected":false},"excerpt":{"rendered":"<p>Nos engagement ecologique \u00ab\u00a0Nous n\u2019avons pas la pr\u00e9tention d\u2019\u00eatre parfaits, mais nous faisons chaque jour des choix plus responsables.\u00a0\u00bb R\u00e9duction de l\u2019impact environnemental au quotidien Utilisation d\u2019outils \u00e9lectriques ou \u00e0 faible consommation Limitation des d\u00e9placements inutiles (optimisation des tourn\u00e9es) Choix de produits \u00e9cologiques (peintures, nettoyants, traitements espaces verts) R\u00e9parations privil\u00e9gi\u00e9es plut\u00f4t que remplacement syst\u00e9matique Donner [&hellip;]<\/p>\n","protected":false},"author":1,"featured_media":0,"parent":0,"menu_order":0,"comment_status":"closed","ping_status":"closed","template":"","meta":{"ocean_post_layout":"","ocean_both_sidebars_style":"","ocean_both_sidebars_content_width":0,"ocean_both_sidebars_sidebars_width":0,"ocean_sidebar":"","ocean_second_sidebar":"","ocean_disable_margins":"enable","ocean_add_body_class":"","ocean_shortcode_before_top_bar":"","ocean_shortcode_after_top_bar":"","ocean_shortcode_before_header":"","ocean_shortcode_after_header":"","ocean_has_shortcode":"","ocean_shortcode_after_title":"","ocean_shortcode_before_footer_widgets":"","ocean_shortcode_after_footer_widgets":"","ocean_shortcode_before_footer_bottom":"","ocean_shortcode_after_footer_bottom":"","ocean_display_top_bar":"default","ocean_display_header":"default","ocean_header_style":"","ocean_center_header_left_menu":"","ocean_custom_header_template":"","ocean_custom_logo":0,"ocean_custom_retina_logo":0,"ocean_custom_logo_max_width":0,"ocean_custom_logo_tablet_max_width":0,"ocean_custom_logo_mobile_max_width":0,"ocean_custom_logo_max_height":0,"ocean_custom_logo_tablet_max_height":0,"ocean_custom_logo_mobile_max_height":0,"ocean_header_custom_menu":"","ocean_menu_typo_font_family":"","ocean_menu_typo_font_subset":"","ocean_menu_typo_font_size":0,"ocean_menu_typo_font_size_tablet":0,"ocean_menu_typo_font_size_mobile":0,"ocean_menu_typo_font_size_unit":"px","ocean_menu_typo_font_weight":"","ocean_menu_typo_font_weight_tablet":"","ocean_menu_typo_font_weight_mobile":"","ocean_menu_typo_transform":"","ocean_menu_typo_transform_tablet":"","ocean_menu_typo_transform_mobile":"","ocean_menu_typo_line_height":0,"ocean_menu_typo_line_height_tablet":0,"ocean_menu_typo_line_height_mobile":0,"ocean_menu_typo_line_height_unit":"","ocean_menu_typo_spacing":0,"ocean_menu_typo_spacing_tablet":0,"ocean_menu_typo_spacing_mobile":0,"ocean_menu_typo_spacing_unit":"","ocean_menu_link_color":"","ocean_menu_link_color_hover":"","ocean_menu_link_color_active":"","ocean_menu_link_background":"","ocean_menu_link_hover_background":"","ocean_menu_link_active_background":"","ocean_menu_social_links_bg":"","ocean_menu_social_hover_links_bg":"","ocean_menu_social_links_color":"","ocean_menu_social_hover_links_color":"","ocean_disable_title":"default","ocean_disable_heading":"default","ocean_post_title":"","ocean_post_subheading":"","ocean_post_title_style":"","ocean_post_title_background_color":"","ocean_post_title_background":0,"ocean_post_title_bg_image_position":"","ocean_post_title_bg_image_attachment":"","ocean_post_title_bg_image_repeat":"","ocean_post_title_bg_image_size":"","ocean_post_title_height":0,"ocean_post_title_bg_overlay":0.5,"ocean_post_title_bg_overlay_color":"","ocean_disable_breadcrumbs":"default","ocean_breadcrumbs_color":"","ocean_breadcrumbs_separator_color":"","ocean_breadcrumbs_links_color":"","ocean_breadcrumbs_links_hover_color":"","ocean_display_footer_widgets":"default","ocean_display_footer_bottom":"default","ocean_custom_footer_template":"","footnotes":""},"class_list":["post-3314","page","type-page","status-publish","hentry","entry"],"yoast_head":"<!-- This site is optimized with the Yoast SEO plugin v27.0 - https:\/\/yoast.com\/product\/yoast-seo-wordpress\/ -->\n<title>Ecologie - DulcultyService<\/title>\n<meta name=\"description\" content=\"R\u00e9duisez vos factures d&#039;\u00e9nergie avec Duculty Service. Sp\u00e9cialiste en isolation \u00e9cologique et mat\u00e9riaux durables \u00e0 Lyon. Toiture, peinture et r\u00e9novation respectueuse de l&#039;environnement.\" \/>\n<meta name=\"robots\" content=\"index, follow, max-snippet:-1, max-image-preview:large, max-video-preview:-1\" \/>\n<link rel=\"canonical\" href=\"https:\/\/ducultyservice.fr\/?page_id=3314\" \/>\n<meta property=\"og:locale\" content=\"fr_FR\" \/>\n<meta property=\"og:type\" content=\"article\" \/>\n<meta property=\"og:title\" content=\"Ecologie - DulcultyService\" \/>\n<meta property=\"og:description\" content=\"R\u00e9duisez vos factures d&#039;\u00e9nergie avec Duculty Service. Sp\u00e9cialiste en isolation \u00e9cologique et mat\u00e9riaux durables \u00e0 Lyon. Toiture, peinture et r\u00e9novation respectueuse de l&#039;environnement.\" \/>\n<meta property=\"og:url\" content=\"https:\/\/ducultyservice.fr\/?page_id=3314\" \/>\n<meta property=\"og:site_name\" content=\"DulcultyService\" \/>\n<meta property=\"article:modified_time\" content=\"2026-02-25T17:52:09+00:00\" \/>\n<meta property=\"og:image\" content=\"https:\/\/ducultyservice.fr\/wp-content\/uploads\/elementor\/thumbs\/house-rj57np2xb9x2zeh0cbgofev8nvxeixk042jyeuovji.png\" \/>\n<meta name=\"twitter:card\" content=\"summary_large_image\" \/>\n<meta name=\"twitter:label1\" content=\"Dur\u00e9e de lecture estim\u00e9e\" \/>\n\t<meta name=\"twitter:data1\" content=\"2 minutes\" \/>\n<script type=\"application\/ld+json\" class=\"yoast-schema-graph\">{\"@context\":\"https:\/\/schema.org\",\"@graph\":[{\"@type\":\"WebPage\",\"@id\":\"https:\/\/ducultyservice.fr\/?page_id=3314\",\"url\":\"https:\/\/ducultyservice.fr\/?page_id=3314\",\"name\":\"Ecologie - DulcultyService\",\"isPartOf\":{\"@id\":\"https:\/\/ducultyservice.fr\/#website\"},\"primaryImageOfPage\":{\"@id\":\"https:\/\/ducultyservice.fr\/?page_id=3314#primaryimage\"},\"image\":{\"@id\":\"https:\/\/ducultyservice.fr\/?page_id=3314#primaryimage\"},\"thumbnailUrl\":\"https:\/\/ducultyservice.fr\/wp-content\/uploads\/elementor\/thumbs\/house-rj57np2xb9x2zeh0cbgofev8nvxeixk042jyeuovji.png\",\"datePublished\":\"2026-02-05T10:58:50+00:00\",\"dateModified\":\"2026-02-25T17:52:09+00:00\",\"description\":\"R\u00e9duisez vos factures d'\u00e9nergie avec Duculty Service. Sp\u00e9cialiste en isolation \u00e9cologique et mat\u00e9riaux durables \u00e0 Lyon. Toiture, peinture et r\u00e9novation respectueuse de l'environnement.\",\"breadcrumb\":{\"@id\":\"https:\/\/ducultyservice.fr\/?page_id=3314#breadcrumb\"},\"inLanguage\":\"fr-FR\",\"potentialAction\":[{\"@type\":\"ReadAction\",\"target\":[\"https:\/\/ducultyservice.fr\/?page_id=3314\"]}]},{\"@type\":\"ImageObject\",\"inLanguage\":\"fr-FR\",\"@id\":\"https:\/\/ducultyservice.fr\/?page_id=3314#primaryimage\",\"url\":\"https:\/\/ducultyservice.fr\/wp-content\/uploads\/elementor\/thumbs\/house-rj57np2xb9x2zeh0cbgofev8nvxeixk042jyeuovji.png\",\"contentUrl\":\"https:\/\/ducultyservice.fr\/wp-content\/uploads\/elementor\/thumbs\/house-rj57np2xb9x2zeh0cbgofev8nvxeixk042jyeuovji.png\"},{\"@type\":\"BreadcrumbList\",\"@id\":\"https:\/\/ducultyservice.fr\/?page_id=3314#breadcrumb\",\"itemListElement\":[{\"@type\":\"ListItem\",\"position\":1,\"name\":\"Accueil\",\"item\":\"https:\/\/ducultyservice.fr\/\"},{\"@type\":\"ListItem\",\"position\":2,\"name\":\"Ecologie\"}]},{\"@type\":\"WebSite\",\"@id\":\"https:\/\/ducultyservice.fr\/#website\",\"url\":\"https:\/\/ducultyservice.fr\/\",\"name\":\"DulcultyService\",\"description\":\"\",\"potentialAction\":[{\"@type\":\"SearchAction\",\"target\":{\"@type\":\"EntryPoint\",\"urlTemplate\":\"https:\/\/ducultyservice.fr\/?s={search_term_string}\"},\"query-input\":{\"@type\":\"PropertyValueSpecification\",\"valueRequired\":true,\"valueName\":\"search_term_string\"}}],\"inLanguage\":\"fr-FR\"}]}<\/script>\n<!-- \/ Yoast SEO plugin. -->","yoast_head_json":{"title":"Ecologie - DulcultyService","description":"R\u00e9duisez vos factures d'\u00e9nergie avec Duculty Service. Sp\u00e9cialiste en isolation \u00e9cologique et mat\u00e9riaux durables \u00e0 Lyon. Toiture, peinture et r\u00e9novation respectueuse de l'environnement.","robots":{"index":"index","follow":"follow","max-snippet":"max-snippet:-1","max-image-preview":"max-image-preview:large","max-video-preview":"max-video-preview:-1"},"canonical":"https:\/\/ducultyservice.fr\/?page_id=3314","og_locale":"fr_FR","og_type":"article","og_title":"Ecologie - DulcultyService","og_description":"R\u00e9duisez vos factures d'\u00e9nergie avec Duculty Service. Sp\u00e9cialiste en isolation \u00e9cologique et mat\u00e9riaux durables \u00e0 Lyon. Toiture, peinture et r\u00e9novation respectueuse de l'environnement.","og_url":"https:\/\/ducultyservice.fr\/?page_id=3314","og_site_name":"DulcultyService","article_modified_time":"2026-02-25T17:52:09+00:00","og_image":[{"url":"https:\/\/ducultyservice.fr\/wp-content\/uploads\/elementor\/thumbs\/house-rj57np2xb9x2zeh0cbgofev8nvxeixk042jyeuovji.png","type":"","width":"","height":""}],"twitter_card":"summary_large_image","twitter_misc":{"Dur\u00e9e de lecture estim\u00e9e":"2 minutes"},"schema":{"@context":"https:\/\/schema.org","@graph":[{"@type":"WebPage","@id":"https:\/\/ducultyservice.fr\/?page_id=3314","url":"https:\/\/ducultyservice.fr\/?page_id=3314","name":"Ecologie - DulcultyService","isPartOf":{"@id":"https:\/\/ducultyservice.fr\/#website"},"primaryImageOfPage":{"@id":"https:\/\/ducultyservice.fr\/?page_id=3314#primaryimage"},"image":{"@id":"https:\/\/ducultyservice.fr\/?page_id=3314#primaryimage"},"thumbnailUrl":"https:\/\/ducultyservice.fr\/wp-content\/uploads\/elementor\/thumbs\/house-rj57np2xb9x2zeh0cbgofev8nvxeixk042jyeuovji.png","datePublished":"2026-02-05T10:58:50+00:00","dateModified":"2026-02-25T17:52:09+00:00","description":"R\u00e9duisez vos factures d'\u00e9nergie avec Duculty Service. Sp\u00e9cialiste en isolation \u00e9cologique et mat\u00e9riaux durables \u00e0 Lyon. Toiture, peinture et r\u00e9novation respectueuse de l'environnement.","breadcrumb":{"@id":"https:\/\/ducultyservice.fr\/?page_id=3314#breadcrumb"},"inLanguage":"fr-FR","potentialAction":[{"@type":"ReadAction","target":["https:\/\/ducultyservice.fr\/?page_id=3314"]}]},{"@type":"ImageObject","inLanguage":"fr-FR","@id":"https:\/\/ducultyservice.fr\/?page_id=3314#primaryimage","url":"https:\/\/ducultyservice.fr\/wp-content\/uploads\/elementor\/thumbs\/house-rj57np2xb9x2zeh0cbgofev8nvxeixk042jyeuovji.png","contentUrl":"https:\/\/ducultyservice.fr\/wp-content\/uploads\/elementor\/thumbs\/house-rj57np2xb9x2zeh0cbgofev8nvxeixk042jyeuovji.png"},{"@type":"BreadcrumbList","@id":"https:\/\/ducultyservice.fr\/?page_id=3314#breadcrumb","itemListElement":[{"@type":"ListItem","position":1,"name":"Accueil","item":"https:\/\/ducultyservice.fr\/"},{"@type":"ListItem","position":2,"name":"Ecologie"}]},{"@type":"WebSite","@id":"https:\/\/ducultyservice.fr\/#website","url":"https:\/\/ducultyservice.fr\/","name":"DulcultyService","description":"","potentialAction":[{"@type":"SearchAction","target":{"@type":"EntryPoint","urlTemplate":"https:\/\/ducultyservice.fr\/?s={search_term_string}"},"query-input":{"@type":"PropertyValueSpecification","valueRequired":true,"valueName":"search_term_string"}}],"inLanguage":"fr-FR"}]}},"_links":{"self":[{"href":"https:\/\/ducultyservice.fr\/index.php?rest_route=\/wp\/v2\/pages\/3314","targetHints":{"allow":["GET"]}}],"collection":[{"href":"https:\/\/ducultyservice.fr\/index.php?rest_route=\/wp\/v2\/pages"}],"about":[{"href":"https:\/\/ducultyservice.fr\/index.php?rest_route=\/wp\/v2\/types\/page"}],"author":[{"embeddable":true,"href":"https:\/\/ducultyservice.fr\/index.php?rest_route=\/wp\/v2\/users\/1"}],"replies":[{"embeddable":true,"href":"https:\/\/ducultyservice.fr\/index.php?rest_route=%2Fwp%2Fv2%2Fcomments&post=3314"}],"version-history":[{"count":7,"href":"https:\/\/ducultyservice.fr\/index.php?rest_route=\/wp\/v2\/pages\/3314\/revisions"}],"predecessor-version":[{"id":3387,"href":"https:\/\/ducultyservice.fr\/index.php?rest_route=\/wp\/v2\/pages\/3314\/revisions\/3387"}],"wp:attachment":[{"href":"https:\/\/ducultyservice.fr\/index.php?rest_route=%2Fwp%2Fv2%2Fmedia&parent=3314"}],"curies":[{"name":"wp","href":"https:\/\/api.w.org\/{rel}","templated":true}]}}