{"id":3333,"date":"2026-02-05T13:58:03","date_gmt":"2026-02-05T13:58:03","guid":{"rendered":"https:\/\/ducultyservice.fr\/?page_id=3333"},"modified":"2026-03-04T10:58:28","modified_gmt":"2026-03-04T10:58:28","slug":"mentions-legal","status":"publish","type":"page","link":"https:\/\/ducultyservice.fr\/?page_id=3333","title":{"rendered":"Mentions legal"},"content":{"rendered":"\t\t<div data-elementor-type=\"wp-page\" data-elementor-id=\"3333\" class=\"elementor elementor-3333\">\n\t\t\t\t<div class=\"elementor-element elementor-element-fabb252 e-flex e-con-boxed e-con e-parent\" data-id=\"fabb252\" data-element_type=\"container\" data-settings=\"{&quot;background_background&quot;:&quot;slideshow&quot;,&quot;background_slideshow_gallery&quot;:[{&quot;id&quot;:2215,&quot;url&quot;:&quot;https:\\\/\\\/ducultyservice.fr\\\/wp-content\\\/uploads\\\/2025\\\/06\\\/ab5078ab-2db6-4488-9d6b-13a88abc0fd1.jpg&quot;}],&quot;background_slideshow_loop&quot;:&quot;yes&quot;,&quot;background_slideshow_slide_duration&quot;:5000,&quot;background_slideshow_slide_transition&quot;:&quot;fade&quot;,&quot;background_slideshow_transition_duration&quot;:500}\">\n\t\t\t\t\t<div class=\"e-con-inner\">\n\t\t\t\t\t<\/div>\n\t\t\t\t<\/div>\n\t\t<div class=\"elementor-element elementor-element-65d097f e-flex e-con-boxed e-con e-parent\" data-id=\"65d097f\" data-element_type=\"container\">\n\t\t\t\t\t<div class=\"e-con-inner\">\n\t\t\t\t<div class=\"elementor-element elementor-element-13d6a26 elementor-widget elementor-widget-heading\" data-id=\"13d6a26\" data-element_type=\"widget\" data-widget_type=\"heading.default\">\n\t\t\t\t<div class=\"elementor-widget-container\">\n\t\t\t\t\t<h2 class=\"elementor-heading-title elementor-size-default\">Mentions legal<\/h2>\t\t\t\t<\/div>\n\t\t\t\t<\/div>\n\t\t\t\t<div class=\"elementor-element elementor-element-7f04825 elementor-widget elementor-widget-text-editor\" data-id=\"7f04825\" data-element_type=\"widget\" data-widget_type=\"text-editor.default\">\n\t\t\t\t<div class=\"elementor-widget-container\">\n\t\t\t\t\t\t\t\t\t<p data-path-to-node=\"4\">Conform\u00e9ment aux dispositions des Articles 6-III et 19 de la Loi n\u00b02004-575 du 21 juin 2004 pour la Confiance dans l\u2019\u00e9conomie num\u00e9rique, dite L.C.E.N., il est port\u00e9 \u00e0 la connaissance des utilisateurs et visiteurs du site <code data-path-to-node=\"4\" data-index-in-node=\"221\">https:\/\/ducultyservice.fr\/<\/code> les pr\u00e9sentes mentions l\u00e9gales.<\/p>\n<h2 data-path-to-node=\"5\">1. \u00c9dition du site<\/h2>\n<p data-path-to-node=\"6\">Le site <code data-path-to-node=\"6\" data-index-in-node=\"8\">https:\/\/ducultyservice.fr\/<\/code> est \u00e9dit\u00e9 par :<\/p>\n<ul data-path-to-node=\"7\">\n<li>\n<p data-path-to-node=\"7,1,0\"><b data-path-to-node=\"7,1,0\" data-index-in-node=\"0\">Nom de l&rsquo;entreprise :<\/b> DUCULTY SERVICE<\/p>\n<\/li>\n<li>\n<p data-path-to-node=\"7,2,0\"><b data-path-to-node=\"7,2,0\" data-index-in-node=\"0\">Statut juridique :<\/b>&nbsp;Auto-entrepreneur<\/p>\n<\/li>\n<li><b data-path-to-node=\"7,6,0\" data-index-in-node=\"0\" style=\"font-size: 15px;\">Adresse e-mail :<\/b><span style=\"font-size: 15px;\"> <\/span><span style=\"color: rgb(227, 227, 227); font-family: &quot;Google Sans&quot;, Roboto; font-size: 14px; font-style: normal; font-variant-ligatures: normal; font-variant-caps: normal; font-weight: 500; background-color: rgb(40, 42, 44);\">ducultyjason69@gmail.com<\/span><\/li>\n<\/ul>\n<h2 data-path-to-node=\"8\">2. Directeur de la publication<\/h2>\n<p data-path-to-node=\"9\">Le Directeur de la publication est :<span style=\"color: rgb(32, 128, 173); font-family: monospace, monospace; font-size: 16px; font-style: normal; font-variant-ligatures: normal; font-variant-caps: normal; font-weight: 400;\">https:\/\/ducultyservice.fr\/<\/span><\/p>\n<h2 data-path-to-node=\"10\">3. H\u00e9bergement du site<\/h2>\n<p data-path-to-node=\"11\">Le site est h\u00e9berg\u00e9 par :<\/p>\n<ul data-path-to-node=\"12\">\n<li>\n<p data-path-to-node=\"12,0,0\"><b data-path-to-node=\"12,0,0\" data-index-in-node=\"0\">Nom de l&rsquo;h\u00e9bergeur :<\/b>OVH<\/p>\n<\/li>\n<li>\n<p data-path-to-node=\"12,1,0\"><b data-path-to-node=\"12,1,0\" data-index-in-node=\"0\">Adresse de l&rsquo;h\u00e9bergeur :<\/b>&nbsp;<span style=\"color: rgb(77, 86, 147); font-family: &quot;Source Sans Pro&quot;, &quot;Trebuchet MS&quot;, Arial, &quot;Segoe UI&quot;, sans-serif; font-size: 16px; font-style: normal; font-variant-ligatures: normal; font-variant-caps: normal; font-weight: 400; text-align: left;\">Si\u00e8ge social : 2 rue Kellermann &#8211; 59100 Roubaix &#8211; France<\/span><\/p>\n<\/li>\n<li>\n<p data-path-to-node=\"12,2,0\"><b data-path-to-node=\"12,2,0\" data-index-in-node=\"0\">Site web de l&rsquo;h\u00e9bergeur :<\/b> https:\/\/www.ovhcloud.com\/<\/p>\n<\/li>\n<\/ul>\n<h2 data-path-to-node=\"13\">4. Propri\u00e9t\u00e9 intellectuelle<\/h2>\n<p data-path-to-node=\"14\">L&rsquo;ensemble de ce site (structure, textes, logos, images, graphismes) est la propri\u00e9t\u00e9 exclusive de <b data-path-to-node=\"14\" data-index-in-node=\"99\">DUCULTY SERVICE<\/b>, sauf mention contraire.<\/p>\n<p data-path-to-node=\"15\">Toute reproduction, repr\u00e9sentation, modification, publication, adaptation de tout ou partie des \u00e9l\u00e9ments du site, quel que soit le moyen ou le proc\u00e9d\u00e9 utilis\u00e9, est interdite, sauf autorisation \u00e9crite pr\u00e9alable de l&rsquo;\u00c9diteur. Toute exploitation non autoris\u00e9e sera consid\u00e9r\u00e9e comme constitutive d\u2019une contrefa\u00e7on et poursuivie conform\u00e9ment aux dispositions des articles L.335-2 et suivants du Code de Propri\u00e9t\u00e9 Intellectuelle.<\/p>\n<h2 data-path-to-node=\"16\">5. Limitation de responsabilit\u00e9<\/h2>\n<p data-path-to-node=\"17\"><b data-path-to-node=\"17\" data-index-in-node=\"0\">DUCULTY SERVICE<\/b> s\u2019efforce de fournir sur le site des informations aussi pr\u00e9cises que possible. Toutefois, l&rsquo;\u00c9diteur ne pourra \u00eatre tenu responsable des oublis, des inexactitudes et des carences dans la mise \u00e0 jour.<\/p>\n<ul>\n<li data-path-to-node=\"18\">L\u2019utilisateur du site s\u2019engage \u00e0 acc\u00e9der au site en utilisant un mat\u00e9riel r\u00e9cent, ne contenant pas de virus et avec un navigateur de derni\u00e8re g\u00e9n\u00e9ration mis \u00e0 jour.<\/li>\n<\/ul>\t\t\t\t\t\t\t\t<\/div>\n\t\t\t\t<\/div>\n\t\t\t\t\t<\/div>\n\t\t\t\t<\/div>\n\t\t\t\t<\/div>\n\t\t","protected":false},"excerpt":{"rendered":"<p>Mentions legal Conform\u00e9ment aux dispositions des Articles 6-III et 19 de la Loi n\u00b02004-575 du 21 juin 2004 pour la Confiance dans l\u2019\u00e9conomie num\u00e9rique, dite L.C.E.N., il est port\u00e9 \u00e0 la connaissance des utilisateurs et visiteurs du site https:\/\/ducultyservice.fr\/ les pr\u00e9sentes mentions l\u00e9gales. 1. \u00c9dition du site Le site https:\/\/ducultyservice.fr\/ est \u00e9dit\u00e9 par : Nom [&hellip;]<\/p>\n","protected":false},"author":1,"featured_media":0,"parent":0,"menu_order":0,"comment_status":"closed","ping_status":"closed","template":"","meta":{"ocean_post_layout":"","ocean_both_sidebars_style":"","ocean_both_sidebars_content_width":0,"ocean_both_sidebars_sidebars_width":0,"ocean_sidebar":"","ocean_second_sidebar":"","ocean_disable_margins":"enable","ocean_add_body_class":"","ocean_shortcode_before_top_bar":"","ocean_shortcode_after_top_bar":"","ocean_shortcode_before_header":"","ocean_shortcode_after_header":"","ocean_has_shortcode":"","ocean_shortcode_after_title":"","ocean_shortcode_before_footer_widgets":"","ocean_shortcode_after_footer_widgets":"","ocean_shortcode_before_footer_bottom":"","ocean_shortcode_after_footer_bottom":"","ocean_display_top_bar":"default","ocean_display_header":"default","ocean_header_style":"","ocean_center_header_left_menu":"","ocean_custom_header_template":"","ocean_custom_logo":0,"ocean_custom_retina_logo":0,"ocean_custom_logo_max_width":0,"ocean_custom_logo_tablet_max_width":0,"ocean_custom_logo_mobile_max_width":0,"ocean_custom_logo_max_height":0,"ocean_custom_logo_tablet_max_height":0,"ocean_custom_logo_mobile_max_height":0,"ocean_header_custom_menu":"","ocean_menu_typo_font_family":"","ocean_menu_typo_font_subset":"","ocean_menu_typo_font_size":0,"ocean_menu_typo_font_size_tablet":0,"ocean_menu_typo_font_size_mobile":0,"ocean_menu_typo_font_size_unit":"px","ocean_menu_typo_font_weight":"","ocean_menu_typo_font_weight_tablet":"","ocean_menu_typo_font_weight_mobile":"","ocean_menu_typo_transform":"","ocean_menu_typo_transform_tablet":"","ocean_menu_typo_transform_mobile":"","ocean_menu_typo_line_height":0,"ocean_menu_typo_line_height_tablet":0,"ocean_menu_typo_line_height_mobile":0,"ocean_menu_typo_line_height_unit":"","ocean_menu_typo_spacing":0,"ocean_menu_typo_spacing_tablet":0,"ocean_menu_typo_spacing_mobile":0,"ocean_menu_typo_spacing_unit":"","ocean_menu_link_color":"","ocean_menu_link_color_hover":"","ocean_menu_link_color_active":"","ocean_menu_link_background":"","ocean_menu_link_hover_background":"","ocean_menu_link_active_background":"","ocean_menu_social_links_bg":"","ocean_menu_social_hover_links_bg":"","ocean_menu_social_links_color":"","ocean_menu_social_hover_links_color":"","ocean_disable_title":"default","ocean_disable_heading":"default","ocean_post_title":"","ocean_post_subheading":"","ocean_post_title_style":"","ocean_post_title_background_color":"","ocean_post_title_background":0,"ocean_post_title_bg_image_position":"","ocean_post_title_bg_image_attachment":"","ocean_post_title_bg_image_repeat":"","ocean_post_title_bg_image_size":"","ocean_post_title_height":0,"ocean_post_title_bg_overlay":0.5,"ocean_post_title_bg_overlay_color":"","ocean_disable_breadcrumbs":"default","ocean_breadcrumbs_color":"","ocean_breadcrumbs_separator_color":"","ocean_breadcrumbs_links_color":"","ocean_breadcrumbs_links_hover_color":"","ocean_display_footer_widgets":"default","ocean_display_footer_bottom":"default","ocean_custom_footer_template":"","footnotes":""},"class_list":["post-3333","page","type-page","status-publish","hentry","entry"],"yoast_head":"<!-- This site is optimized with the Yoast SEO plugin v27.0 - https:\/\/yoast.com\/product\/yoast-seo-wordpress\/ -->\n<title>Mentions legal - DulcultyService<\/title>\n<meta name=\"robots\" content=\"index, follow, max-snippet:-1, max-image-preview:large, max-video-preview:-1\" \/>\n<link rel=\"canonical\" href=\"https:\/\/ducultyservice.fr\/?page_id=3333\" \/>\n<meta property=\"og:locale\" content=\"fr_FR\" \/>\n<meta property=\"og:type\" content=\"article\" \/>\n<meta property=\"og:title\" content=\"Mentions legal - DulcultyService\" \/>\n<meta property=\"og:description\" content=\"Mentions legal Conform\u00e9ment aux dispositions des Articles 6-III et 19 de la Loi n\u00b02004-575 du 21 juin 2004 pour la Confiance dans l\u2019\u00e9conomie num\u00e9rique, dite L.C.E.N., il est port\u00e9 \u00e0 la connaissance des utilisateurs et visiteurs du site https:\/\/ducultyservice.fr\/ les pr\u00e9sentes mentions l\u00e9gales. 1. \u00c9dition du site Le site https:\/\/ducultyservice.fr\/ est \u00e9dit\u00e9 par : Nom [&hellip;]\" \/>\n<meta property=\"og:url\" content=\"https:\/\/ducultyservice.fr\/?page_id=3333\" \/>\n<meta property=\"og:site_name\" content=\"DulcultyService\" \/>\n<meta property=\"article:modified_time\" content=\"2026-03-04T10:58:28+00:00\" \/>\n<meta name=\"twitter:card\" content=\"summary_large_image\" \/>\n<meta name=\"twitter:label1\" content=\"Dur\u00e9e de lecture estim\u00e9e\" \/>\n\t<meta name=\"twitter:data1\" content=\"2 minutes\" \/>\n<script type=\"application\/ld+json\" class=\"yoast-schema-graph\">{\"@context\":\"https:\/\/schema.org\",\"@graph\":[{\"@type\":\"WebPage\",\"@id\":\"https:\/\/ducultyservice.fr\/?page_id=3333\",\"url\":\"https:\/\/ducultyservice.fr\/?page_id=3333\",\"name\":\"Mentions legal - DulcultyService\",\"isPartOf\":{\"@id\":\"https:\/\/ducultyservice.fr\/#website\"},\"datePublished\":\"2026-02-05T13:58:03+00:00\",\"dateModified\":\"2026-03-04T10:58:28+00:00\",\"breadcrumb\":{\"@id\":\"https:\/\/ducultyservice.fr\/?page_id=3333#breadcrumb\"},\"inLanguage\":\"fr-FR\",\"potentialAction\":[{\"@type\":\"ReadAction\",\"target\":[\"https:\/\/ducultyservice.fr\/?page_id=3333\"]}]},{\"@type\":\"BreadcrumbList\",\"@id\":\"https:\/\/ducultyservice.fr\/?page_id=3333#breadcrumb\",\"itemListElement\":[{\"@type\":\"ListItem\",\"position\":1,\"name\":\"Accueil\",\"item\":\"https:\/\/ducultyservice.fr\/\"},{\"@type\":\"ListItem\",\"position\":2,\"name\":\"Mentions legal\"}]},{\"@type\":\"WebSite\",\"@id\":\"https:\/\/ducultyservice.fr\/#website\",\"url\":\"https:\/\/ducultyservice.fr\/\",\"name\":\"DulcultyService\",\"description\":\"\",\"potentialAction\":[{\"@type\":\"SearchAction\",\"target\":{\"@type\":\"EntryPoint\",\"urlTemplate\":\"https:\/\/ducultyservice.fr\/?s={search_term_string}\"},\"query-input\":{\"@type\":\"PropertyValueSpecification\",\"valueRequired\":true,\"valueName\":\"search_term_string\"}}],\"inLanguage\":\"fr-FR\"}]}<\/script>\n<!-- \/ Yoast SEO plugin. -->","yoast_head_json":{"title":"Mentions legal - DulcultyService","robots":{"index":"index","follow":"follow","max-snippet":"max-snippet:-1","max-image-preview":"max-image-preview:large","max-video-preview":"max-video-preview:-1"},"canonical":"https:\/\/ducultyservice.fr\/?page_id=3333","og_locale":"fr_FR","og_type":"article","og_title":"Mentions legal - DulcultyService","og_description":"Mentions legal Conform\u00e9ment aux dispositions des Articles 6-III et 19 de la Loi n\u00b02004-575 du 21 juin 2004 pour la Confiance dans l\u2019\u00e9conomie num\u00e9rique, dite L.C.E.N., il est port\u00e9 \u00e0 la connaissance des utilisateurs et visiteurs du site https:\/\/ducultyservice.fr\/ les pr\u00e9sentes mentions l\u00e9gales. 1. \u00c9dition du site Le site https:\/\/ducultyservice.fr\/ est \u00e9dit\u00e9 par : Nom [&hellip;]","og_url":"https:\/\/ducultyservice.fr\/?page_id=3333","og_site_name":"DulcultyService","article_modified_time":"2026-03-04T10:58:28+00:00","twitter_card":"summary_large_image","twitter_misc":{"Dur\u00e9e de lecture estim\u00e9e":"2 minutes"},"schema":{"@context":"https:\/\/schema.org","@graph":[{"@type":"WebPage","@id":"https:\/\/ducultyservice.fr\/?page_id=3333","url":"https:\/\/ducultyservice.fr\/?page_id=3333","name":"Mentions legal - DulcultyService","isPartOf":{"@id":"https:\/\/ducultyservice.fr\/#website"},"datePublished":"2026-02-05T13:58:03+00:00","dateModified":"2026-03-04T10:58:28+00:00","breadcrumb":{"@id":"https:\/\/ducultyservice.fr\/?page_id=3333#breadcrumb"},"inLanguage":"fr-FR","potentialAction":[{"@type":"ReadAction","target":["https:\/\/ducultyservice.fr\/?page_id=3333"]}]},{"@type":"BreadcrumbList","@id":"https:\/\/ducultyservice.fr\/?page_id=3333#breadcrumb","itemListElement":[{"@type":"ListItem","position":1,"name":"Accueil","item":"https:\/\/ducultyservice.fr\/"},{"@type":"ListItem","position":2,"name":"Mentions legal"}]},{"@type":"WebSite","@id":"https:\/\/ducultyservice.fr\/#website","url":"https:\/\/ducultyservice.fr\/","name":"DulcultyService","description":"","potentialAction":[{"@type":"SearchAction","target":{"@type":"EntryPoint","urlTemplate":"https:\/\/ducultyservice.fr\/?s={search_term_string}"},"query-input":{"@type":"PropertyValueSpecification","valueRequired":true,"valueName":"search_term_string"}}],"inLanguage":"fr-FR"}]}},"_links":{"self":[{"href":"https:\/\/ducultyservice.fr\/index.php?rest_route=\/wp\/v2\/pages\/3333","targetHints":{"allow":["GET"]}}],"collection":[{"href":"https:\/\/ducultyservice.fr\/index.php?rest_route=\/wp\/v2\/pages"}],"about":[{"href":"https:\/\/ducultyservice.fr\/index.php?rest_route=\/wp\/v2\/types\/page"}],"author":[{"embeddable":true,"href":"https:\/\/ducultyservice.fr\/index.php?rest_route=\/wp\/v2\/users\/1"}],"replies":[{"embeddable":true,"href":"https:\/\/ducultyservice.fr\/index.php?rest_route=%2Fwp%2Fv2%2Fcomments&post=3333"}],"version-history":[{"count":10,"href":"https:\/\/ducultyservice.fr\/index.php?rest_route=\/wp\/v2\/pages\/3333\/revisions"}],"predecessor-version":[{"id":3709,"href":"https:\/\/ducultyservice.fr\/index.php?rest_route=\/wp\/v2\/pages\/3333\/revisions\/3709"}],"wp:attachment":[{"href":"https:\/\/ducultyservice.fr\/index.php?rest_route=%2Fwp%2Fv2%2Fmedia&parent=3333"}],"curies":[{"name":"wp","href":"https:\/\/api.w.org\/{rel}","templated":true}]}}