{"id":673,"date":"2022-04-25T02:23:01","date_gmt":"2022-04-25T02:23:01","guid":{"rendered":"https:\/\/architect.oceanwp.org\/?page_id=673"},"modified":"2026-02-24T09:27:38","modified_gmt":"2026-02-24T09:27:38","slug":"photovoltaique","status":"publish","type":"page","link":"https:\/\/ducultyservice.fr\/?page_id=673","title":{"rendered":"Photovolta\u00efque"},"content":{"rendered":"\t\t<div data-elementor-type=\"wp-page\" data-elementor-id=\"673\" class=\"elementor elementor-673\">\n\t\t\t\t<div class=\"elementor-element elementor-element-3de2df5 e-flex e-con-boxed e-con e-parent\" data-id=\"3de2df5\" data-element_type=\"container\" data-settings=\"{&quot;background_background&quot;:&quot;slideshow&quot;,&quot;background_slideshow_gallery&quot;:[{&quot;id&quot;:2838,&quot;url&quot;:&quot;https:\\\/\\\/ducultyservice.fr\\\/wp-content\\\/uploads\\\/2026\\\/01\\\/olena-bohovyk-dIMJWLx1YbE-unsplash2-scaled.jpg&quot;}],&quot;background_slideshow_loop&quot;:&quot;yes&quot;,&quot;background_slideshow_slide_duration&quot;:5000,&quot;background_slideshow_slide_transition&quot;:&quot;fade&quot;,&quot;background_slideshow_transition_duration&quot;:500}\">\n\t\t\t\t\t<div class=\"e-con-inner\">\n\t\t\t\t\t<\/div>\n\t\t\t\t<\/div>\n\t\t<div class=\"elementor-element elementor-element-bf7f159 e-flex e-con-boxed e-con e-parent\" data-id=\"bf7f159\" data-element_type=\"container\">\n\t\t\t\t\t<div class=\"e-con-inner\">\n\t\t\t\t<div class=\"elementor-element elementor-element-73ac7b4 elementor-widget-divider--view-line elementor-widget elementor-widget-divider\" data-id=\"73ac7b4\" data-element_type=\"widget\" data-widget_type=\"divider.default\">\n\t\t\t\t<div class=\"elementor-widget-container\">\n\t\t\t\t\t\t\t<div class=\"elementor-divider\">\n\t\t\t<span class=\"elementor-divider-separator\">\n\t\t\t\t\t\t<\/span>\n\t\t<\/div>\n\t\t\t\t\t\t<\/div>\n\t\t\t\t<\/div>\n\t\t\t\t<div class=\"elementor-element elementor-element-e26cca8 elementor-widget elementor-widget-heading\" data-id=\"e26cca8\" data-element_type=\"widget\" data-widget_type=\"heading.default\">\n\t\t\t\t<div class=\"elementor-widget-container\">\n\t\t\t\t\t<h2 class=\"elementor-heading-title elementor-size-default\">Mes Engagements <\/h2>\t\t\t\t<\/div>\n\t\t\t\t<\/div>\n\t\t\t\t<div class=\"elementor-element elementor-element-5f20e0e elementor-widget-divider--view-line elementor-widget elementor-widget-divider\" data-id=\"5f20e0e\" data-element_type=\"widget\" data-widget_type=\"divider.default\">\n\t\t\t\t<div class=\"elementor-widget-container\">\n\t\t\t\t\t\t\t<div class=\"elementor-divider\">\n\t\t\t<span class=\"elementor-divider-separator\">\n\t\t\t\t\t\t<\/span>\n\t\t<\/div>\n\t\t\t\t\t\t<\/div>\n\t\t\t\t<\/div>\n\t\t\t\t<div class=\"elementor-element elementor-element-8783c15 elementor-widget-divider--view-line elementor-widget elementor-widget-divider\" data-id=\"8783c15\" data-element_type=\"widget\" data-widget_type=\"divider.default\">\n\t\t\t\t<div class=\"elementor-widget-container\">\n\t\t\t\t\t\t\t<div class=\"elementor-divider\">\n\t\t\t<span class=\"elementor-divider-separator\">\n\t\t\t\t\t\t<\/span>\n\t\t<\/div>\n\t\t\t\t\t\t<\/div>\n\t\t\t\t<\/div>\n\t\t<div class=\"elementor-element elementor-element-d2fc1ad e-con-full e-flex e-con e-child\" data-id=\"d2fc1ad\" data-element_type=\"container\">\n\t\t<div class=\"elementor-element elementor-element-3b7a258 e-con-full e-flex e-con e-child\" data-id=\"3b7a258\" data-element_type=\"container\">\n\t\t\t\t<div class=\"elementor-element elementor-element-6e5860c elementor-widget elementor-widget-heading\" data-id=\"6e5860c\" data-element_type=\"widget\" data-widget_type=\"heading.default\">\n\t\t\t\t<div class=\"elementor-widget-container\">\n\t\t\t\t\t<h2 class=\"elementor-heading-title elementor-size-default\">Travail soign\u00e9<\/h2>\t\t\t\t<\/div>\n\t\t\t\t<\/div>\n\t\t\t\t<div class=\"elementor-element elementor-element-ade4dd6 elementor-widget elementor-widget-image\" data-id=\"ade4dd6\" data-element_type=\"widget\" data-widget_type=\"image.default\">\n\t\t\t\t<div class=\"elementor-widget-container\">\n\t\t\t\t\t\t\t\t\t\t\t\t\t\t\t<img fetchpriority=\"high\" decoding=\"async\" width=\"300\" height=\"300\" src=\"https:\/\/ducultyservice.fr\/wp-content\/uploads\/2025\/05\/contract-filed-line-svgrepo-com-300x300.png\" class=\"attachment-medium size-medium wp-image-1988\" alt=\"\" srcset=\"https:\/\/ducultyservice.fr\/wp-content\/uploads\/2025\/05\/contract-filed-line-svgrepo-com-300x300.png 300w, https:\/\/ducultyservice.fr\/wp-content\/uploads\/2025\/05\/contract-filed-line-svgrepo-com-150x150.png 150w, https:\/\/ducultyservice.fr\/wp-content\/uploads\/2025\/05\/contract-filed-line-svgrepo-com.png 512w\" sizes=\"(max-width: 300px) 100vw, 300px\" \/>\t\t\t\t\t\t\t\t\t\t\t\t\t\t\t<\/div>\n\t\t\t\t<\/div>\n\t\t\t\t<div class=\"elementor-element elementor-element-dc8b3e2 elementor-widget elementor-widget-text-editor\" data-id=\"dc8b3e2\" data-element_type=\"widget\" data-widget_type=\"text-editor.default\">\n\t\t\t\t<div class=\"elementor-widget-container\">\n\t\t\t\t\t\t\t\t\t<p>Chaque prestation est r\u00e9alis\u00e9e avec s\u00e9rieux, minutie et souci du d\u00e9tail afin de garantir un r\u00e9sultat propre, durable et conforme \u00e0 vos attentes.<\/p>\t\t\t\t\t\t\t\t<\/div>\n\t\t\t\t<\/div>\n\t\t\t\t<\/div>\n\t\t<div class=\"elementor-element elementor-element-5cb0e18 e-con-full e-flex e-con e-child\" data-id=\"5cb0e18\" data-element_type=\"container\">\n\t\t\t\t<div class=\"elementor-element elementor-element-61eba3f elementor-widget elementor-widget-heading\" data-id=\"61eba3f\" data-element_type=\"widget\" data-widget_type=\"heading.default\">\n\t\t\t\t<div class=\"elementor-widget-container\">\n\t\t\t\t\t<h2 class=\"elementor-heading-title elementor-size-default\">Ponctualit\u00e9<\/h2>\t\t\t\t<\/div>\n\t\t\t\t<\/div>\n\t\t\t\t<div class=\"elementor-element elementor-element-fd9507e elementor-widget elementor-widget-image\" data-id=\"fd9507e\" data-element_type=\"widget\" data-widget_type=\"image.default\">\n\t\t\t\t<div class=\"elementor-widget-container\">\n\t\t\t\t\t\t\t\t\t\t\t\t\t\t\t<img decoding=\"async\" width=\"256\" height=\"256\" src=\"https:\/\/ducultyservice.fr\/wp-content\/uploads\/2025\/07\/roof-svgrepo-com1.png\" class=\"attachment-large size-large wp-image-2513\" alt=\"\" srcset=\"https:\/\/ducultyservice.fr\/wp-content\/uploads\/2025\/07\/roof-svgrepo-com1.png 256w, https:\/\/ducultyservice.fr\/wp-content\/uploads\/2025\/07\/roof-svgrepo-com1-150x150.png 150w\" sizes=\"(max-width: 256px) 100vw, 256px\" \/>\t\t\t\t\t\t\t\t\t\t\t\t\t\t\t<\/div>\n\t\t\t\t<\/div>\n\t\t\t\t<div class=\"elementor-element elementor-element-af77480 elementor-widget elementor-widget-text-editor\" data-id=\"af77480\" data-element_type=\"widget\" data-widget_type=\"text-editor.default\">\n\t\t\t\t<div class=\"elementor-widget-container\">\n\t\t\t\t\t\t\t\t\t<p>Nous respectons les horaires et d\u00e9lais annonc\u00e9s, car votre temps est pr\u00e9cieux et fait partie int\u00e9grante de la qualit\u00e9 de notre service.<\/p>\t\t\t\t\t\t\t\t<\/div>\n\t\t\t\t<\/div>\n\t\t\t\t<\/div>\n\t\t<div class=\"elementor-element elementor-element-1b7dc35 e-con-full e-flex e-con e-child\" data-id=\"1b7dc35\" data-element_type=\"container\">\n\t\t\t\t<div class=\"elementor-element elementor-element-da7130d elementor-widget elementor-widget-heading\" data-id=\"da7130d\" data-element_type=\"widget\" data-widget_type=\"heading.default\">\n\t\t\t\t<div class=\"elementor-widget-container\">\n\t\t\t\t\t<h2 class=\"elementor-heading-title elementor-size-default\">Respect des lieux<\/h2>\t\t\t\t<\/div>\n\t\t\t\t<\/div>\n\t\t\t\t<div class=\"elementor-element elementor-element-5d1e6d3 elementor-widget elementor-widget-image\" data-id=\"5d1e6d3\" data-element_type=\"widget\" data-widget_type=\"image.default\">\n\t\t\t\t<div class=\"elementor-widget-container\">\n\t\t\t\t\t\t\t\t\t\t\t\t\t\t\t<img decoding=\"async\" width=\"1024\" height=\"1024\" src=\"https:\/\/ducultyservice.fr\/wp-content\/uploads\/2025\/05\/clean-svgrepo-com3-1024x1024.png\" class=\"attachment-large size-large wp-image-1983\" alt=\"\" srcset=\"https:\/\/ducultyservice.fr\/wp-content\/uploads\/2025\/05\/clean-svgrepo-com3-1024x1024.png 1024w, https:\/\/ducultyservice.fr\/wp-content\/uploads\/2025\/05\/clean-svgrepo-com3-300x300.png 300w, https:\/\/ducultyservice.fr\/wp-content\/uploads\/2025\/05\/clean-svgrepo-com3-150x150.png 150w, https:\/\/ducultyservice.fr\/wp-content\/uploads\/2025\/05\/clean-svgrepo-com3-768x768.png 768w, https:\/\/ducultyservice.fr\/wp-content\/uploads\/2025\/05\/clean-svgrepo-com3-1536x1536.png 1536w, https:\/\/ducultyservice.fr\/wp-content\/uploads\/2025\/05\/clean-svgrepo-com3-2048x2048.png 2048w, https:\/\/ducultyservice.fr\/wp-content\/uploads\/2025\/05\/clean-svgrepo-com3-600x600.png 600w\" sizes=\"(max-width: 1024px) 100vw, 1024px\" \/>\t\t\t\t\t\t\t\t\t\t\t\t\t\t\t<\/div>\n\t\t\t\t<\/div>\n\t\t\t\t<div class=\"elementor-element elementor-element-2db221c elementor-widget elementor-widget-text-editor\" data-id=\"2db221c\" data-element_type=\"widget\" data-widget_type=\"text-editor.default\">\n\t\t\t\t<div class=\"elementor-widget-container\">\n\t\t\t\t\t\t\t\t\t<p>Nous intervenons avec discr\u00e9tion et veillons \u00e0 prot\u00e9ger, nettoyer et restituer les lieux dans un \u00e9tat impeccable apr\u00e8s chaque intervention.<\/p>\t\t\t\t\t\t\t\t<\/div>\n\t\t\t\t<\/div>\n\t\t\t\t<\/div>\n\t\t<div class=\"elementor-element elementor-element-4ce2732 e-con-full e-flex e-con e-child\" data-id=\"4ce2732\" data-element_type=\"container\">\n\t\t\t\t<div class=\"elementor-element elementor-element-a6474f1 elementor-widget elementor-widget-heading\" data-id=\"a6474f1\" data-element_type=\"widget\" data-widget_type=\"heading.default\">\n\t\t\t\t<div class=\"elementor-widget-container\">\n\t\t\t\t\t<h2 class=\"elementor-heading-title elementor-size-default\">Responsabilit\u00e9 environnemental<\/h2>\t\t\t\t<\/div>\n\t\t\t\t<\/div>\n\t\t\t\t<div class=\"elementor-element elementor-element-f0baf95 elementor-widget elementor-widget-image\" data-id=\"f0baf95\" data-element_type=\"widget\" data-widget_type=\"image.default\">\n\t\t\t\t<div class=\"elementor-widget-container\">\n\t\t\t\t\t\t\t\t\t\t\t\t\t\t\t<img loading=\"lazy\" decoding=\"async\" width=\"512\" height=\"512\" src=\"https:\/\/ducultyservice.fr\/wp-content\/uploads\/2026\/01\/water-drop-4-svgrepo-com.png\" class=\"attachment-large size-large wp-image-2727\" alt=\"\" srcset=\"https:\/\/ducultyservice.fr\/wp-content\/uploads\/2026\/01\/water-drop-4-svgrepo-com.png 512w, https:\/\/ducultyservice.fr\/wp-content\/uploads\/2026\/01\/water-drop-4-svgrepo-com-300x300.png 300w, https:\/\/ducultyservice.fr\/wp-content\/uploads\/2026\/01\/water-drop-4-svgrepo-com-150x150.png 150w\" sizes=\"(max-width: 512px) 100vw, 512px\" \/>\t\t\t\t\t\t\t\t\t\t\t\t\t\t\t<\/div>\n\t\t\t\t<\/div>\n\t\t\t\t<div class=\"elementor-element elementor-element-dae7e93 elementor-widget elementor-widget-text-editor\" data-id=\"dae7e93\" data-element_type=\"widget\" data-widget_type=\"text-editor.default\">\n\t\t\t\t<div class=\"elementor-widget-container\">\n\t\t\t\t\t\t\t\t\t<p>Nous adoptons des pratiques responsables en limitant les d\u00e9chets, en favorisant des solutions durables et en r\u00e9duisant notre impact sur l\u2019environnement.<\/p>\t\t\t\t\t\t\t\t<\/div>\n\t\t\t\t<\/div>\n\t\t\t\t<\/div>\n\t\t<div class=\"elementor-element elementor-element-1f73266 e-con-full e-flex e-con e-child\" data-id=\"1f73266\" data-element_type=\"container\">\n\t\t\t\t<div class=\"elementor-element elementor-element-832c80a elementor-widget elementor-widget-heading\" data-id=\"832c80a\" data-element_type=\"widget\" data-widget_type=\"heading.default\">\n\t\t\t\t<div class=\"elementor-widget-container\">\n\t\t\t\t\t<h2 class=\"elementor-heading-title elementor-size-default\">Engagement social et \u00e9thique<\/h2>\t\t\t\t<\/div>\n\t\t\t\t<\/div>\n\t\t\t\t<div class=\"elementor-element elementor-element-3201ea2 elementor-widget elementor-widget-image\" data-id=\"3201ea2\" data-element_type=\"widget\" data-widget_type=\"image.default\">\n\t\t\t\t<div class=\"elementor-widget-container\">\n\t\t\t\t\t\t\t\t\t\t\t\t\t\t\t<img loading=\"lazy\" decoding=\"async\" width=\"256\" height=\"256\" src=\"https:\/\/ducultyservice.fr\/wp-content\/uploads\/2026\/02\/paper-roll-svgrepo-com.png\" class=\"attachment-large size-large wp-image-3310\" alt=\"\" srcset=\"https:\/\/ducultyservice.fr\/wp-content\/uploads\/2026\/02\/paper-roll-svgrepo-com.png 256w, https:\/\/ducultyservice.fr\/wp-content\/uploads\/2026\/02\/paper-roll-svgrepo-com-150x150.png 150w\" sizes=\"(max-width: 256px) 100vw, 256px\" \/>\t\t\t\t\t\t\t\t\t\t\t\t\t\t\t<\/div>\n\t\t\t\t<\/div>\n\t\t\t\t<div class=\"elementor-element elementor-element-009027c elementor-widget elementor-widget-text-editor\" data-id=\"009027c\" data-element_type=\"widget\" data-widget_type=\"text-editor.default\">\n\t\t\t\t<div class=\"elementor-widget-container\">\n\t\t\t\t\t\t\t\t\t<p>Nous agissons avec honn\u00eatet\u00e9, transparence et respect, en privil\u00e9giant des relations de confiance durables avec nos clients, partenaires et collaborateurs.<\/p>\t\t\t\t\t\t\t\t<\/div>\n\t\t\t\t<\/div>\n\t\t\t\t<\/div>\n\t\t\t\t<\/div>\n\t\t\t\t\t<\/div>\n\t\t\t\t<\/div>\n\t\t\t\t<\/div>\n\t\t","protected":false},"excerpt":{"rendered":"<p>Mes Engagements Travail soign\u00e9 Chaque prestation est r\u00e9alis\u00e9e avec s\u00e9rieux, minutie et souci du d\u00e9tail afin de garantir un r\u00e9sultat propre, durable et conforme \u00e0 vos attentes. Ponctualit\u00e9 Nous respectons les horaires et d\u00e9lais annonc\u00e9s, car votre temps est pr\u00e9cieux et fait partie int\u00e9grante de la qualit\u00e9 de notre service. Respect des lieux Nous intervenons [&hellip;]<\/p>\n","protected":false},"author":1,"featured_media":0,"parent":0,"menu_order":0,"comment_status":"closed","ping_status":"closed","template":"","meta":{"ocean_post_layout":"full-screen","ocean_both_sidebars_style":"","ocean_both_sidebars_content_width":0,"ocean_both_sidebars_sidebars_width":0,"ocean_sidebar":"0","ocean_second_sidebar":"0","ocean_disable_margins":"on","ocean_add_body_class":"","ocean_shortcode_before_top_bar":"","ocean_shortcode_after_top_bar":"","ocean_shortcode_before_header":"","ocean_shortcode_after_header":"","ocean_has_shortcode":"","ocean_shortcode_after_title":"","ocean_shortcode_before_footer_widgets":"","ocean_shortcode_after_footer_widgets":"","ocean_shortcode_before_footer_bottom":"","ocean_shortcode_after_footer_bottom":"","ocean_display_top_bar":"default","ocean_display_header":"default","ocean_header_style":"transparent","ocean_center_header_left_menu":"0","ocean_custom_header_template":"0","ocean_custom_logo":0,"ocean_custom_retina_logo":0,"ocean_custom_logo_max_width":0,"ocean_custom_logo_tablet_max_width":0,"ocean_custom_logo_mobile_max_width":0,"ocean_custom_logo_max_height":0,"ocean_custom_logo_tablet_max_height":0,"ocean_custom_logo_mobile_max_height":0,"ocean_header_custom_menu":"0","ocean_menu_typo_font_family":"0","ocean_menu_typo_font_subset":"","ocean_menu_typo_font_size":0,"ocean_menu_typo_font_size_tablet":0,"ocean_menu_typo_font_size_mobile":0,"ocean_menu_typo_font_size_unit":"px","ocean_menu_typo_font_weight":"","ocean_menu_typo_font_weight_tablet":"","ocean_menu_typo_font_weight_mobile":"","ocean_menu_typo_transform":"","ocean_menu_typo_transform_tablet":"","ocean_menu_typo_transform_mobile":"","ocean_menu_typo_line_height":0,"ocean_menu_typo_line_height_tablet":0,"ocean_menu_typo_line_height_mobile":0,"ocean_menu_typo_line_height_unit":"","ocean_menu_typo_spacing":0,"ocean_menu_typo_spacing_tablet":0,"ocean_menu_typo_spacing_mobile":0,"ocean_menu_typo_spacing_unit":"","ocean_menu_link_color":"#ffffff","ocean_menu_link_color_hover":"#6e8fef","ocean_menu_link_color_active":"#ffffff","ocean_menu_link_background":"","ocean_menu_link_hover_background":"","ocean_menu_link_active_background":"","ocean_menu_social_links_bg":"","ocean_menu_social_hover_links_bg":"","ocean_menu_social_links_color":"#ffffff","ocean_menu_social_hover_links_color":"#6e8fef","ocean_disable_title":"on","ocean_disable_heading":"default","ocean_post_title":"","ocean_post_subheading":"","ocean_post_title_style":"","ocean_post_title_background_color":"","ocean_post_title_background":0,"ocean_post_title_bg_image_position":"","ocean_post_title_bg_image_attachment":"","ocean_post_title_bg_image_repeat":"","ocean_post_title_bg_image_size":"","ocean_post_title_height":0,"ocean_post_title_bg_overlay":0.5,"ocean_post_title_bg_overlay_color":"","ocean_disable_breadcrumbs":"off","ocean_breadcrumbs_color":"","ocean_breadcrumbs_separator_color":"","ocean_breadcrumbs_links_color":"","ocean_breadcrumbs_links_hover_color":"","ocean_display_footer_widgets":"default","ocean_display_footer_bottom":"default","ocean_custom_footer_template":"0","footnotes":""},"class_list":["post-673","page","type-page","status-publish","hentry","entry"],"yoast_head":"<!-- This site is optimized with the Yoast SEO plugin v27.0 - https:\/\/yoast.com\/product\/yoast-seo-wordpress\/ -->\n<title>Photovolta\u00efque - DulcultyService<\/title>\n<meta name=\"robots\" content=\"index, follow, max-snippet:-1, max-image-preview:large, max-video-preview:-1\" \/>\n<link rel=\"canonical\" href=\"https:\/\/ducultyservice.fr\/?page_id=673\" \/>\n<meta property=\"og:locale\" content=\"fr_FR\" \/>\n<meta property=\"og:type\" content=\"article\" \/>\n<meta property=\"og:title\" content=\"Photovolta\u00efque - DulcultyService\" \/>\n<meta property=\"og:description\" content=\"Mes Engagements Travail soign\u00e9 Chaque prestation est r\u00e9alis\u00e9e avec s\u00e9rieux, minutie et souci du d\u00e9tail afin de garantir un r\u00e9sultat propre, durable et conforme \u00e0 vos attentes. Ponctualit\u00e9 Nous respectons les horaires et d\u00e9lais annonc\u00e9s, car votre temps est pr\u00e9cieux et fait partie int\u00e9grante de la qualit\u00e9 de notre service. Respect des lieux Nous intervenons [&hellip;]\" \/>\n<meta property=\"og:url\" content=\"https:\/\/ducultyservice.fr\/?page_id=673\" \/>\n<meta property=\"og:site_name\" content=\"DulcultyService\" \/>\n<meta property=\"article:modified_time\" content=\"2026-02-24T09:27:38+00:00\" \/>\n<meta property=\"og:image\" content=\"https:\/\/ducultyservice.fr\/wp-content\/uploads\/2025\/05\/contract-filed-line-svgrepo-com.png\" \/>\n\t<meta property=\"og:image:width\" content=\"512\" \/>\n\t<meta property=\"og:image:height\" content=\"512\" \/>\n\t<meta property=\"og:image:type\" content=\"image\/png\" \/>\n<meta name=\"twitter:card\" content=\"summary_large_image\" \/>\n<meta name=\"twitter:label1\" content=\"Dur\u00e9e de lecture estim\u00e9e\" \/>\n\t<meta name=\"twitter:data1\" content=\"2 minutes\" \/>\n<script type=\"application\/ld+json\" class=\"yoast-schema-graph\">{\"@context\":\"https:\/\/schema.org\",\"@graph\":[{\"@type\":\"WebPage\",\"@id\":\"https:\/\/ducultyservice.fr\/?page_id=673\",\"url\":\"https:\/\/ducultyservice.fr\/?page_id=673\",\"name\":\"Photovolta\u00efque - DulcultyService\",\"isPartOf\":{\"@id\":\"https:\/\/ducultyservice.fr\/#website\"},\"primaryImageOfPage\":{\"@id\":\"https:\/\/ducultyservice.fr\/?page_id=673#primaryimage\"},\"image\":{\"@id\":\"https:\/\/ducultyservice.fr\/?page_id=673#primaryimage\"},\"thumbnailUrl\":\"https:\/\/ducultyservice.fr\/wp-content\/uploads\/2025\/05\/contract-filed-line-svgrepo-com-300x300.png\",\"datePublished\":\"2022-04-25T02:23:01+00:00\",\"dateModified\":\"2026-02-24T09:27:38+00:00\",\"breadcrumb\":{\"@id\":\"https:\/\/ducultyservice.fr\/?page_id=673#breadcrumb\"},\"inLanguage\":\"fr-FR\",\"potentialAction\":[{\"@type\":\"ReadAction\",\"target\":[\"https:\/\/ducultyservice.fr\/?page_id=673\"]}]},{\"@type\":\"ImageObject\",\"inLanguage\":\"fr-FR\",\"@id\":\"https:\/\/ducultyservice.fr\/?page_id=673#primaryimage\",\"url\":\"https:\/\/ducultyservice.fr\/wp-content\/uploads\/2025\/05\/contract-filed-line-svgrepo-com.png\",\"contentUrl\":\"https:\/\/ducultyservice.fr\/wp-content\/uploads\/2025\/05\/contract-filed-line-svgrepo-com.png\",\"width\":512,\"height\":512},{\"@type\":\"BreadcrumbList\",\"@id\":\"https:\/\/ducultyservice.fr\/?page_id=673#breadcrumb\",\"itemListElement\":[{\"@type\":\"ListItem\",\"position\":1,\"name\":\"Accueil\",\"item\":\"https:\/\/ducultyservice.fr\/\"},{\"@type\":\"ListItem\",\"position\":2,\"name\":\"Photovolta\u00efque\"}]},{\"@type\":\"WebSite\",\"@id\":\"https:\/\/ducultyservice.fr\/#website\",\"url\":\"https:\/\/ducultyservice.fr\/\",\"name\":\"DulcultyService\",\"description\":\"\",\"potentialAction\":[{\"@type\":\"SearchAction\",\"target\":{\"@type\":\"EntryPoint\",\"urlTemplate\":\"https:\/\/ducultyservice.fr\/?s={search_term_string}\"},\"query-input\":{\"@type\":\"PropertyValueSpecification\",\"valueRequired\":true,\"valueName\":\"search_term_string\"}}],\"inLanguage\":\"fr-FR\"}]}<\/script>\n<!-- \/ Yoast SEO plugin. -->","yoast_head_json":{"title":"Photovolta\u00efque - DulcultyService","robots":{"index":"index","follow":"follow","max-snippet":"max-snippet:-1","max-image-preview":"max-image-preview:large","max-video-preview":"max-video-preview:-1"},"canonical":"https:\/\/ducultyservice.fr\/?page_id=673","og_locale":"fr_FR","og_type":"article","og_title":"Photovolta\u00efque - DulcultyService","og_description":"Mes Engagements Travail soign\u00e9 Chaque prestation est r\u00e9alis\u00e9e avec s\u00e9rieux, minutie et souci du d\u00e9tail afin de garantir un r\u00e9sultat propre, durable et conforme \u00e0 vos attentes. Ponctualit\u00e9 Nous respectons les horaires et d\u00e9lais annonc\u00e9s, car votre temps est pr\u00e9cieux et fait partie int\u00e9grante de la qualit\u00e9 de notre service. Respect des lieux Nous intervenons [&hellip;]","og_url":"https:\/\/ducultyservice.fr\/?page_id=673","og_site_name":"DulcultyService","article_modified_time":"2026-02-24T09:27:38+00:00","og_image":[{"width":512,"height":512,"url":"https:\/\/ducultyservice.fr\/wp-content\/uploads\/2025\/05\/contract-filed-line-svgrepo-com.png","type":"image\/png"}],"twitter_card":"summary_large_image","twitter_misc":{"Dur\u00e9e de lecture estim\u00e9e":"2 minutes"},"schema":{"@context":"https:\/\/schema.org","@graph":[{"@type":"WebPage","@id":"https:\/\/ducultyservice.fr\/?page_id=673","url":"https:\/\/ducultyservice.fr\/?page_id=673","name":"Photovolta\u00efque - DulcultyService","isPartOf":{"@id":"https:\/\/ducultyservice.fr\/#website"},"primaryImageOfPage":{"@id":"https:\/\/ducultyservice.fr\/?page_id=673#primaryimage"},"image":{"@id":"https:\/\/ducultyservice.fr\/?page_id=673#primaryimage"},"thumbnailUrl":"https:\/\/ducultyservice.fr\/wp-content\/uploads\/2025\/05\/contract-filed-line-svgrepo-com-300x300.png","datePublished":"2022-04-25T02:23:01+00:00","dateModified":"2026-02-24T09:27:38+00:00","breadcrumb":{"@id":"https:\/\/ducultyservice.fr\/?page_id=673#breadcrumb"},"inLanguage":"fr-FR","potentialAction":[{"@type":"ReadAction","target":["https:\/\/ducultyservice.fr\/?page_id=673"]}]},{"@type":"ImageObject","inLanguage":"fr-FR","@id":"https:\/\/ducultyservice.fr\/?page_id=673#primaryimage","url":"https:\/\/ducultyservice.fr\/wp-content\/uploads\/2025\/05\/contract-filed-line-svgrepo-com.png","contentUrl":"https:\/\/ducultyservice.fr\/wp-content\/uploads\/2025\/05\/contract-filed-line-svgrepo-com.png","width":512,"height":512},{"@type":"BreadcrumbList","@id":"https:\/\/ducultyservice.fr\/?page_id=673#breadcrumb","itemListElement":[{"@type":"ListItem","position":1,"name":"Accueil","item":"https:\/\/ducultyservice.fr\/"},{"@type":"ListItem","position":2,"name":"Photovolta\u00efque"}]},{"@type":"WebSite","@id":"https:\/\/ducultyservice.fr\/#website","url":"https:\/\/ducultyservice.fr\/","name":"DulcultyService","description":"","potentialAction":[{"@type":"SearchAction","target":{"@type":"EntryPoint","urlTemplate":"https:\/\/ducultyservice.fr\/?s={search_term_string}"},"query-input":{"@type":"PropertyValueSpecification","valueRequired":true,"valueName":"search_term_string"}}],"inLanguage":"fr-FR"}]}},"_links":{"self":[{"href":"https:\/\/ducultyservice.fr\/index.php?rest_route=\/wp\/v2\/pages\/673","targetHints":{"allow":["GET"]}}],"collection":[{"href":"https:\/\/ducultyservice.fr\/index.php?rest_route=\/wp\/v2\/pages"}],"about":[{"href":"https:\/\/ducultyservice.fr\/index.php?rest_route=\/wp\/v2\/types\/page"}],"author":[{"embeddable":true,"href":"https:\/\/ducultyservice.fr\/index.php?rest_route=\/wp\/v2\/users\/1"}],"replies":[{"embeddable":true,"href":"https:\/\/ducultyservice.fr\/index.php?rest_route=%2Fwp%2Fv2%2Fcomments&post=673"}],"version-history":[{"count":103,"href":"https:\/\/ducultyservice.fr\/index.php?rest_route=\/wp\/v2\/pages\/673\/revisions"}],"predecessor-version":[{"id":3684,"href":"https:\/\/ducultyservice.fr\/index.php?rest_route=\/wp\/v2\/pages\/673\/revisions\/3684"}],"wp:attachment":[{"href":"https:\/\/ducultyservice.fr\/index.php?rest_route=%2Fwp%2Fv2%2Fmedia&parent=673"}],"curies":[{"name":"wp","href":"https:\/\/api.w.org\/{rel}","templated":true}]}}